{"id":52,"date":"2019-06-10T10:55:07","date_gmt":"2019-06-10T10:55:07","guid":{"rendered":"http:\/\/aikido-ingelheim.de\/?page_id=52"},"modified":"2019-06-10T10:55:07","modified_gmt":"2019-06-10T10:55:07","slug":"ueber-aikido","status":"publish","type":"page","link":"http:\/\/aikido-ingelheim.de\/?page_id=52","title":{"rendered":"\u00dcber Aikido"},"content":{"rendered":"\n<figure class=\"wp-block-image\"><img loading=\"lazy\" decoding=\"async\" width=\"641\" height=\"203\" src=\"http:\/\/aikido-ingelheim.de\/wp-content\/uploads\/2019\/06\/grafik-1.png\" alt=\"\" class=\"wp-image-53\" srcset=\"http:\/\/aikido-ingelheim.de\/wp-content\/uploads\/2019\/06\/grafik-1.png 641w, http:\/\/aikido-ingelheim.de\/wp-content\/uploads\/2019\/06\/grafik-1-300x95.png 300w\" sizes=\"auto, (max-width: 641px) 100vw, 641px\" \/><\/figure>\n\n\n\n<p>Aikido ist eine japanische Kampfkunst, die in sich viele der alten Samuraik\u00fcnste vereint. Als eigener Stil wurde Aikido von Morihei Ueshiba (1883-1969) in der Zeit der beiden Weltkriege im letzten Jahrhundert entwickelt und erlangte vor allem nach dem zweiten Weltkrieg im Westen hohe Popularit\u00e4t.<\/p>\n\n\n\n<p>Aikido kennt keinen Wettkampf, damit ist es dem Grundgedanken des Budo sehr viel n\u00e4her als die modernen Sportkampfk\u00fcnste: n\u00e4mlich k\u00e4mpfen zu lernen, um nicht k\u00e4mpfen zu m\u00fcssen. Es ist zugleich Bewegungslehre und Pers\u00f6nlichkeitsschule. <\/p>\n\n\n\n<p>Aikido ist vielf\u00e4ltig: es wird meist ohne Waffen trainiert, das Training wird jedoch durch \u00dcbungen mit dem Holzschwert und dem Holzstab erg\u00e4nzt. Die Techniken bestehen aus Hebeln und W\u00fcrfen, die aus unterschiedlichen Angriffsformen heraus durchgef\u00fchrt werden.<\/p>\n\n\n\n<p>Weitere Infos zu Aikido und seinen Techniken sind zu finden unter<\/p>\n\n\n\n<p><a href=\"https:\/\/www.aikidosangenkai.org\/blog\/\">https:\/\/www.aikidosangenkai.org\/blog\/<\/a><\/p>\n\n\n\n<p><\/p>\n","protected":false},"excerpt":{"rendered":"<p>Aikido ist eine japanische Kampfkunst, die in sich viele der alten Samuraik\u00fcnste vereint. Als eigener Stil wurde Aikido von Morihei Ueshiba (1883-1969) in der Zeit der beiden Weltkriege im letzten Jahrhundert entwickelt und erlangte vor allem nach dem zweiten Weltkrieg im Westen hohe Popularit\u00e4t. Aikido kennt keinen Wettkampf, damit ist es dem Grundgedanken des Budo &hellip; <\/p>\n<p class=\"link-more\"><a href=\"http:\/\/aikido-ingelheim.de\/?page_id=52\" class=\"more-link\"><span class=\"screen-reader-text\">\u201e\u00dcber Aikido\u201c <\/span>weiterlesen<\/a><\/p>\n","protected":false},"author":1,"featured_media":0,"parent":0,"menu_order":0,"comment_status":"closed","ping_status":"closed","template":"","meta":{"footnotes":""},"class_list":["post-52","page","type-page","status-publish","hentry"],"_links":{"self":[{"href":"http:\/\/aikido-ingelheim.de\/index.php?rest_route=\/wp\/v2\/pages\/52","targetHints":{"allow":["GET"]}}],"collection":[{"href":"http:\/\/aikido-ingelheim.de\/index.php?rest_route=\/wp\/v2\/pages"}],"about":[{"href":"http:\/\/aikido-ingelheim.de\/index.php?rest_route=\/wp\/v2\/types\/page"}],"author":[{"embeddable":true,"href":"http:\/\/aikido-ingelheim.de\/index.php?rest_route=\/wp\/v2\/users\/1"}],"replies":[{"embeddable":true,"href":"http:\/\/aikido-ingelheim.de\/index.php?rest_route=%2Fwp%2Fv2%2Fcomments&post=52"}],"version-history":[{"count":1,"href":"http:\/\/aikido-ingelheim.de\/index.php?rest_route=\/wp\/v2\/pages\/52\/revisions"}],"predecessor-version":[{"id":54,"href":"http:\/\/aikido-ingelheim.de\/index.php?rest_route=\/wp\/v2\/pages\/52\/revisions\/54"}],"wp:attachment":[{"href":"http:\/\/aikido-ingelheim.de\/index.php?rest_route=%2Fwp%2Fv2%2Fmedia&parent=52"}],"curies":[{"name":"wp","href":"https:\/\/api.w.org\/{rel}","templated":true}]}}